{"id":3544,"date":"2025-04-30T09:42:36","date_gmt":"2025-04-30T07:42:36","guid":{"rendered":"https:\/\/zonico.polanetwork.com\/menu\/"},"modified":"2025-09-15T19:40:04","modified_gmt":"2025-09-15T17:40:04","slug":"menu","status":"publish","type":"page","link":"https:\/\/www.poolbar-lima.com\/es\/menu\/","title":{"rendered":"Menu"},"content":{"rendered":"\t\t<div data-elementor-type=\"wp-page\" data-elementor-id=\"3544\" class=\"elementor elementor-3544 elementor-2921\" data-elementor-post-type=\"page\">\n\t\t\t\t\t\t<section class=\"elementor-section elementor-top-section elementor-element elementor-element-412bbe9 elementor-section-full_width elementor-section-height-default elementor-section-height-default\" data-id=\"412bbe9\" data-element_type=\"section\" data-e-type=\"section\" data-settings=\"{&quot;background_background&quot;:&quot;classic&quot;}\">\n\t\t\t\t\t\t<div class=\"elementor-container elementor-column-gap-default\">\n\t\t\t\t\t<div class=\"elementor-column elementor-col-100 elementor-top-column elementor-element elementor-element-e7b4aa9\" data-id=\"e7b4aa9\" data-element_type=\"column\" data-e-type=\"column\">\n\t\t\t<div class=\"elementor-widget-wrap elementor-element-populated\">\n\t\t\t\t\t\t<div class=\"elementor-element elementor-element-dbc80ed elementor-widget elementor-widget-heading\" data-id=\"dbc80ed\" data-element_type=\"widget\" data-e-type=\"widget\" data-widget_type=\"heading.default\">\n\t\t\t\t<div class=\"elementor-widget-container\">\n\t\t\t\t\t<h1 class=\"elementor-heading-title elementor-size-default\">Men\u00fa<\/h1>\t\t\t\t<\/div>\n\t\t\t\t<\/div>\n\t\t\t\t\t<\/div>\n\t\t<\/div>\n\t\t\t\t\t<\/div>\n\t\t<\/section>\n\t\t\t\t<section class=\"elementor-section elementor-top-section elementor-element elementor-element-540bd07 elementor-section-full_width elementor-section-height-min-height logomainsection elementor-hidden-mobile elementor-section-height-default elementor-section-items-middle\" data-id=\"540bd07\" data-element_type=\"section\" data-e-type=\"section\" data-settings=\"{&quot;background_background&quot;:&quot;classic&quot;}\">\n\t\t\t\t\t\t<div class=\"elementor-container elementor-column-gap-default\">\n\t\t\t\t\t<div class=\"elementor-column elementor-col-100 elementor-top-column elementor-element elementor-element-8cd0cf6\" data-id=\"8cd0cf6\" data-element_type=\"column\" data-e-type=\"column\">\n\t\t\t<div class=\"elementor-widget-wrap elementor-element-populated\">\n\t\t\t\t\t\t<div class=\"elementor-element elementor-element-66f7b6a elementor-absolute elementor-widget elementor-widget-shortcode\" data-id=\"66f7b6a\" data-element_type=\"widget\" data-e-type=\"widget\" data-settings=\"{&quot;_position&quot;:&quot;absolute&quot;}\" data-widget_type=\"shortcode.default\">\n\t\t\t\t<div class=\"elementor-widget-container\">\n\t\t\t\t\t\t\t<div class=\"elementor-shortcode\">\t\t<div data-elementor-type=\"section\" data-elementor-id=\"2439\" class=\"elementor elementor-2439\" data-elementor-post-type=\"elementor_library\">\n\t\t\t\t\t<section class=\"elementor-section elementor-top-section elementor-element elementor-element-6d6c1a87 elementor-section-full_width elementor-hidden-mobile elementor-section-height-default elementor-section-height-default\" data-id=\"6d6c1a87\" data-element_type=\"section\" data-e-type=\"section\">\n\t\t\t\t\t\t<div class=\"elementor-container elementor-column-gap-default\">\n\t\t\t\t\t<div class=\"elementor-column elementor-col-100 elementor-top-column elementor-element elementor-element-100c200\" data-id=\"100c200\" data-element_type=\"column\" data-e-type=\"column\">\n\t\t\t<div class=\"elementor-widget-wrap elementor-element-populated\">\n\t\t\t\t\t\t<div class=\"elementor-element elementor-element-2023152a elementor-widget elementor-widget-shortcode\" data-id=\"2023152a\" data-element_type=\"widget\" data-e-type=\"widget\" data-widget_type=\"shortcode.default\">\n\t\t\t\t<div class=\"elementor-widget-container\">\n\t\t\t\t\t\t\t<div class=\"elementor-shortcode\">\t\t<div data-elementor-type=\"section\" data-elementor-id=\"2414\" class=\"elementor elementor-2414\" data-elementor-post-type=\"elementor_library\">\n\t\t\t\t\t<section class=\"elementor-section elementor-top-section elementor-element elementor-element-06c5b5b elementor-section-full_width elementor-section-height-default elementor-section-height-default\" data-id=\"06c5b5b\" data-element_type=\"section\" data-e-type=\"section\">\n\t\t\t\t\t\t<div class=\"elementor-container elementor-column-gap-default\">\n\t\t\t\t\t<div class=\"elementor-column elementor-col-33 elementor-top-column elementor-element elementor-element-80d091b\" data-id=\"80d091b\" data-element_type=\"column\" data-e-type=\"column\">\n\t\t\t<div class=\"elementor-widget-wrap elementor-element-populated\">\n\t\t\t\t\t\t<div class=\"elementor-element elementor-element-78d891e elementor-widget elementor-widget-image\" data-id=\"78d891e\" data-element_type=\"widget\" data-e-type=\"widget\" data-widget_type=\"image.default\">\n\t\t\t\t<div class=\"elementor-widget-container\">\n\t\t\t\t\t\t\t\t\t\t\t\t\t\t\t\t<a href=\"https:\/\/poolbar.selvamodel.polanetwork.com\/en\/\">\n\t\t\t\t\t\t\t<img decoding=\"async\" src=\"https:\/\/www.poolbar-lima.com\/wp-content\/uploads\/sites\/3\/elementor\/thumbs\/poll-bar-lima-logo-scaled-rm3kf89w6t7r5rlg0wb62yuy2adicaqzjjjwjslcgg.png\" title=\"poll-bar-lima-logo\" alt=\"poll-bar-lima-logo\" loading=\"lazy\" \/>\t\t\t\t\t\t\t\t<\/a>\n\t\t\t\t\t\t\t\t\t\t\t\t\t\t\t<\/div>\n\t\t\t\t<\/div>\n\t\t\t\t\t<\/div>\n\t\t<\/div>\n\t\t\t\t<div class=\"elementor-column elementor-col-33 elementor-top-column elementor-element elementor-element-7afa71d\" data-id=\"7afa71d\" data-element_type=\"column\" data-e-type=\"column\">\n\t\t\t<div class=\"elementor-widget-wrap\">\n\t\t\t\t\t\t\t<\/div>\n\t\t<\/div>\n\t\t\t\t<div class=\"elementor-column elementor-col-33 elementor-top-column elementor-element elementor-element-108989f\" data-id=\"108989f\" data-element_type=\"column\" data-e-type=\"column\">\n\t\t\t<div class=\"elementor-widget-wrap\">\n\t\t\t\t\t\t\t<\/div>\n\t\t<\/div>\n\t\t\t\t\t<\/div>\n\t\t<\/section>\n\t\t\t\t<\/div>\n\t\t<\/div>\n\t\t\t\t\t\t<\/div>\n\t\t\t\t<\/div>\n\t\t\t\t\t<\/div>\n\t\t<\/div>\n\t\t\t\t\t<\/div>\n\t\t<\/section>\n\t\t\t\t<\/div>\n\t\t<\/div>\n\t\t\t\t\t\t<\/div>\n\t\t\t\t<\/div>\n\t\t\t\t\t<\/div>\n\t\t<\/div>\n\t\t\t\t\t<\/div>\n\t\t<\/section>\n\t\t\t\t<section class=\"elementor-section elementor-top-section elementor-element elementor-element-96e619b elementor-section-boxed elementor-section-height-default elementor-section-height-default\" data-id=\"96e619b\" data-element_type=\"section\" data-e-type=\"section\" data-settings=\"{&quot;background_background&quot;:&quot;classic&quot;}\">\n\t\t\t\t\t\t<div class=\"elementor-container elementor-column-gap-default\">\n\t\t\t\t\t<div class=\"elementor-column elementor-col-100 elementor-top-column elementor-element elementor-element-525002d\" data-id=\"525002d\" data-element_type=\"column\" data-e-type=\"column\">\n\t\t\t<div class=\"elementor-widget-wrap elementor-element-populated\">\n\t\t\t\t\t\t<section class=\"elementor-section elementor-inner-section elementor-element elementor-element-bceddb3 menulistzonico elementor-section-boxed elementor-section-height-default elementor-section-height-default\" data-id=\"bceddb3\" data-element_type=\"section\" data-e-type=\"section\">\n\t\t\t\t\t\t<div class=\"elementor-container elementor-column-gap-default\">\n\t\t\t\t\t<div class=\"elementor-column elementor-col-100 elementor-inner-column elementor-element elementor-element-dae0811\" data-id=\"dae0811\" data-element_type=\"column\" data-e-type=\"column\">\n\t\t\t<div class=\"elementor-widget-wrap elementor-element-populated\">\n\t\t\t\t\t\t<div class=\"elementor-element elementor-element-c713495 elementor-widget elementor-widget-heading\" data-id=\"c713495\" data-element_type=\"widget\" data-e-type=\"widget\" data-widget_type=\"heading.default\">\n\t\t\t\t<div class=\"elementor-widget-container\">\n\t\t\t\t\t<h2 class=\"elementor-heading-title elementor-size-default\">ENTRADAS<\/h2>\t\t\t\t<\/div>\n\t\t\t\t<\/div>\n\t\t\t\t<div class=\"elementor-element elementor-element-756d556 elementor-widget elementor-widget-heading\" data-id=\"756d556\" data-element_type=\"widget\" data-e-type=\"widget\" data-widget_type=\"heading.default\">\n\t\t\t\t<div class=\"elementor-widget-container\">\n\t\t\t\t\t<h2 class=\"elementor-heading-title elementor-size-default\">CEVICHE DE PESCADO<\/h2>\t\t\t\t<\/div>\n\t\t\t\t<\/div>\n\t\t\t\t<div class=\"elementor-element elementor-element-cde2f28 elementor-widget elementor-widget-heading\" data-id=\"cde2f28\" data-element_type=\"widget\" data-e-type=\"widget\" data-widget_type=\"heading.default\">\n\t\t\t\t<div class=\"elementor-widget-container\">\n\t\t\t\t\t<h2 class=\"elementor-heading-title elementor-size-default\">BOLINHA DE PATO<\/h2>\t\t\t\t<\/div>\n\t\t\t\t<\/div>\n\t\t\t\t<div class=\"elementor-element elementor-element-a22e17d elementor-widget elementor-widget-heading\" data-id=\"a22e17d\" data-element_type=\"widget\" data-e-type=\"widget\" data-widget_type=\"heading.default\">\n\t\t\t\t<div class=\"elementor-widget-container\">\n\t\t\t\t\t<h2 class=\"elementor-heading-title elementor-size-default\">LOMO AL LIM\u00d3N TEMPLADO<\/h2>\t\t\t\t<\/div>\n\t\t\t\t<\/div>\n\t\t\t\t<div class=\"elementor-element elementor-element-f0eee05 elementor-widget elementor-widget-heading\" data-id=\"f0eee05\" data-element_type=\"widget\" data-e-type=\"widget\" data-widget_type=\"heading.default\">\n\t\t\t\t<div class=\"elementor-widget-container\">\n\t\t\t\t\t<h2 class=\"elementor-heading-title elementor-size-default\">DOBLADAS DE MA\u00cdZ MORADO<\/h2>\t\t\t\t<\/div>\n\t\t\t\t<\/div>\n\t\t\t\t<div class=\"elementor-element elementor-element-fca440e elementor-widget elementor-widget-heading\" data-id=\"fca440e\" data-element_type=\"widget\" data-e-type=\"widget\" data-widget_type=\"heading.default\">\n\t\t\t\t<div class=\"elementor-widget-container\">\n\t\t\t\t\t<h2 class=\"elementor-heading-title elementor-size-default\">TIRADITO DE HONGOS NATIVOS<\/h2>\t\t\t\t<\/div>\n\t\t\t\t<\/div>\n\t\t\t\t<div class=\"elementor-element elementor-element-c5cdf56 elementor-widget elementor-widget-heading\" data-id=\"c5cdf56\" data-element_type=\"widget\" data-e-type=\"widget\" data-widget_type=\"heading.default\">\n\t\t\t\t<div class=\"elementor-widget-container\">\n\t\t\t\t\t<h2 class=\"elementor-heading-title elementor-size-default\">CHUPE DE MARISCOS<\/h2>\t\t\t\t<\/div>\n\t\t\t\t<\/div>\n\t\t\t\t<div class=\"elementor-element elementor-element-e159539 elementor-widget elementor-widget-heading\" data-id=\"e159539\" data-element_type=\"widget\" data-e-type=\"widget\" data-widget_type=\"heading.default\">\n\t\t\t\t<div class=\"elementor-widget-container\">\n\t\t\t\t\t<h2 class=\"elementor-heading-title elementor-size-default\">ENSALADA Z\u00d6NICO<\/h2>\t\t\t\t<\/div>\n\t\t\t\t<\/div>\n\t\t\t\t<div class=\"elementor-element elementor-element-ac9d0ae elementor-widget elementor-widget-heading\" data-id=\"ac9d0ae\" data-element_type=\"widget\" data-e-type=\"widget\" data-widget_type=\"heading.default\">\n\t\t\t\t<div class=\"elementor-widget-container\">\n\t\t\t\t\t<h2 class=\"elementor-heading-title elementor-size-default\">COLIFLOR ROSTIZADO<\/h2>\t\t\t\t<\/div>\n\t\t\t\t<\/div>\n\t\t\t\t<div class=\"elementor-element elementor-element-a7562fa elementor-widget elementor-widget-heading\" data-id=\"a7562fa\" data-element_type=\"widget\" data-e-type=\"widget\" data-widget_type=\"heading.default\">\n\t\t\t\t<div class=\"elementor-widget-container\">\n\t\t\t\t\t<h2 class=\"elementor-heading-title elementor-size-default\"><a href=\"https:\/\/career2.successfactors.eu\/career?career%5fns=job%5flisting&#038;company=2732424P&#038;navBarLevel=JOB%5fSEARCH&#038;rcm%5fsite%5flocale=nl%5fNL&#038;career_job_req_id=1238&#038;selected_lang=nl_NL&#038;jobAlertController_jobAlertId=&#038;jobAlertController_jobAlertName=&#038;browserTimeZone=Europe\/Amsterdam&#038;_s.crb=M%2f1uN380UbtST0CUbK%2bgC2y%2f5mSNRFFakCYTf6v2P9U%3d\" target=\"_blank\" rel=\"nofollow\">PLATOS FUERTES<\/a><\/h2>\t\t\t\t<\/div>\n\t\t\t\t<\/div>\n\t\t\t\t<div class=\"elementor-element elementor-element-5fc0d2e elementor-widget elementor-widget-heading\" data-id=\"5fc0d2e\" data-element_type=\"widget\" data-e-type=\"widget\" data-widget_type=\"heading.default\">\n\t\t\t\t<div class=\"elementor-widget-container\">\n\t\t\t\t\t<h2 class=\"elementor-heading-title elementor-size-default\">MARISCOS DE PIEDRA CALIENTE<\/h2>\t\t\t\t<\/div>\n\t\t\t\t<\/div>\n\t\t\t\t<div class=\"elementor-element elementor-element-c7a2731 elementor-widget elementor-widget-heading\" data-id=\"c7a2731\" data-element_type=\"widget\" data-e-type=\"widget\" data-widget_type=\"heading.default\">\n\t\t\t\t<div class=\"elementor-widget-container\">\n\t\t\t\t\t<h2 class=\"elementor-heading-title elementor-size-default\">LOMO CUSQUE\u00d1O<\/h2>\t\t\t\t<\/div>\n\t\t\t\t<\/div>\n\t\t\t\t<div class=\"elementor-element elementor-element-be8d6f4 elementor-widget elementor-widget-heading\" data-id=\"be8d6f4\" data-element_type=\"widget\" data-e-type=\"widget\" data-widget_type=\"heading.default\">\n\t\t\t\t<div class=\"elementor-widget-container\">\n\t\t\t\t\t<h2 class=\"elementor-heading-title elementor-size-default\">PICANHA AMAZONICA<\/h2>\t\t\t\t<\/div>\n\t\t\t\t<\/div>\n\t\t\t\t<div class=\"elementor-element elementor-element-b65f84c elementor-widget elementor-widget-heading\" data-id=\"b65f84c\" data-element_type=\"widget\" data-e-type=\"widget\" data-widget_type=\"heading.default\">\n\t\t\t\t<div class=\"elementor-widget-container\">\n\t\t\t\t\t<h2 class=\"elementor-heading-title elementor-size-default\">POLLO DE SELVA BAJA <\/h2>\t\t\t\t<\/div>\n\t\t\t\t<\/div>\n\t\t\t\t<div class=\"elementor-element elementor-element-5b3fbfe elementor-widget elementor-widget-heading\" data-id=\"5b3fbfe\" data-element_type=\"widget\" data-e-type=\"widget\" data-widget_type=\"heading.default\">\n\t\t\t\t<div class=\"elementor-widget-container\">\n\t\t\t\t\t<h2 class=\"elementor-heading-title elementor-size-default\">OLAS NEGRAS<\/h2>\t\t\t\t<\/div>\n\t\t\t\t<\/div>\n\t\t\t\t<div class=\"elementor-element elementor-element-0494ed4 elementor-widget elementor-widget-heading\" data-id=\"0494ed4\" data-element_type=\"widget\" data-e-type=\"widget\" data-widget_type=\"heading.default\">\n\t\t\t\t<div class=\"elementor-widget-container\">\n\t\t\t\t\t<h2 class=\"elementor-heading-title elementor-size-default\">PATARASCHA DE CHARELA<\/h2>\t\t\t\t<\/div>\n\t\t\t\t<\/div>\n\t\t\t\t<div class=\"elementor-element elementor-element-c47ea75 elementor-widget elementor-widget-heading\" data-id=\"c47ea75\" data-element_type=\"widget\" data-e-type=\"widget\" data-widget_type=\"heading.default\">\n\t\t\t\t<div class=\"elementor-widget-container\">\n\t\t\t\t\t<h2 class=\"elementor-heading-title elementor-size-default\">PULPO AL CARB\u00d3N<\/h2>\t\t\t\t<\/div>\n\t\t\t\t<\/div>\n\t\t\t\t<div class=\"elementor-element elementor-element-1bc4eaf elementor-widget elementor-widget-heading\" data-id=\"1bc4eaf\" data-element_type=\"widget\" data-e-type=\"widget\" data-widget_type=\"heading.default\">\n\t\t\t\t<div class=\"elementor-widget-container\">\n\t\t\t\t\t<h2 class=\"elementor-heading-title elementor-size-default\">CHANCHITO CROCANTE<\/h2>\t\t\t\t<\/div>\n\t\t\t\t<\/div>\n\t\t\t\t<div class=\"elementor-element elementor-element-bef7ee3 elementor-widget elementor-widget-heading\" data-id=\"bef7ee3\" data-element_type=\"widget\" data-e-type=\"widget\" data-widget_type=\"heading.default\">\n\t\t\t\t<div class=\"elementor-widget-container\">\n\t\t\t\t\t<h2 class=\"elementor-heading-title elementor-size-default\"><a href=\"https:\/\/career2.successfactors.eu\/career?career%5fns=job%5flisting&#038;company=2732424P&#038;navBarLevel=JOB%5fSEARCH&#038;rcm%5fsite%5flocale=nl%5fNL&#038;career_job_req_id=1238&#038;selected_lang=nl_NL&#038;jobAlertController_jobAlertId=&#038;jobAlertController_jobAlertName=&#038;browserTimeZone=Europe\/Amsterdam&#038;_s.crb=M%2f1uN380UbtST0CUbK%2bgC2y%2f5mSNRFFakCYTf6v2P9U%3d\" target=\"_blank\" rel=\"nofollow\">POSTRES<\/a><\/h2>\t\t\t\t<\/div>\n\t\t\t\t<\/div>\n\t\t\t\t<div class=\"elementor-element elementor-element-f7f8d38 elementor-widget elementor-widget-heading\" data-id=\"f7f8d38\" data-element_type=\"widget\" data-e-type=\"widget\" data-widget_type=\"heading.default\">\n\t\t\t\t<div class=\"elementor-widget-container\">\n\t\t\t\t\t<h2 class=\"elementor-heading-title elementor-size-default\">PURO CACAO<\/h2>\t\t\t\t<\/div>\n\t\t\t\t<\/div>\n\t\t\t\t<div class=\"elementor-element elementor-element-b6bbcd6 elementor-widget elementor-widget-heading\" data-id=\"b6bbcd6\" data-element_type=\"widget\" data-e-type=\"widget\" data-widget_type=\"heading.default\">\n\t\t\t\t<div class=\"elementor-widget-container\">\n\t\t\t\t\t<h2 class=\"elementor-heading-title elementor-size-default\">AGUAJE<\/h2>\t\t\t\t<\/div>\n\t\t\t\t<\/div>\n\t\t\t\t<div class=\"elementor-element elementor-element-eb1f69c elementor-widget elementor-widget-heading\" data-id=\"eb1f69c\" data-element_type=\"widget\" data-e-type=\"widget\" data-widget_type=\"heading.default\">\n\t\t\t\t<div class=\"elementor-widget-container\">\n\t\t\t\t\t<h2 class=\"elementor-heading-title elementor-size-default\">GRANITE DE FRUTOS<\/h2>\t\t\t\t<\/div>\n\t\t\t\t<\/div>\n\t\t\t\t<div class=\"elementor-element elementor-element-e546672 elementor-widget elementor-widget-heading\" data-id=\"e546672\" data-element_type=\"widget\" data-e-type=\"widget\" data-widget_type=\"heading.default\">\n\t\t\t\t<div class=\"elementor-widget-container\">\n\t\t\t\t\t<h2 class=\"elementor-heading-title elementor-size-default\">TORTA DE ZAPALLO<\/h2>\t\t\t\t<\/div>\n\t\t\t\t<\/div>\n\t\t\t\t<div class=\"elementor-element elementor-element-cf65a8b elementor-widget elementor-widget-heading\" data-id=\"cf65a8b\" data-element_type=\"widget\" data-e-type=\"widget\" data-widget_type=\"heading.default\">\n\t\t\t\t<div class=\"elementor-widget-container\">\n\t\t\t\t\t<h2 class=\"elementor-heading-title elementor-size-default\">VOLCAN DE COPOAZU<\/h2>\t\t\t\t<\/div>\n\t\t\t\t<\/div>\n\t\t\t\t\t<\/div>\n\t\t<\/div>\n\t\t\t\t\t<\/div>\n\t\t<\/section>\n\t\t\t\t\t<\/div>\n\t\t<\/div>\n\t\t\t\t\t<\/div>\n\t\t<\/section>\n\t\t\t\t<\/div>\n\t\t","protected":false},"excerpt":{"rendered":"<p>Men\u00fa ENTRADAS CEVICHE DE PESCADO BOLINHA DE PATO LOMO AL LIM\u00d3N TEMPLADO DOBLADAS DE MA\u00cdZ MORADO TIRADITO DE HONGOS NATIVOS CHUPE DE MARISCOS ENSALADA Z\u00d6NICO COLIFLOR ROSTIZADO PLATOS FUERTES MARISCOS DE PIEDRA CALIENTE LOMO CUSQUE\u00d1O PICANHA AMAZONICA POLLO DE SELVA BAJA OLAS NEGRAS PATARASCHA DE CHARELA PULPO AL CARB\u00d3N CHANCHITO CROCANTE POSTRES PURO CACAO AGUAJE [&hellip;]<\/p>\n","protected":false},"author":1,"featured_media":0,"parent":0,"menu_order":0,"comment_status":"closed","ping_status":"closed","template":"","meta":{"_acf_changed":false,"footnotes":""},"class_list":["post-3544","page","type-page","status-publish","hentry"],"acf":[],"yoast_head":"<!-- This site is optimized with the Yoast SEO plugin v27.4 - https:\/\/yoast.com\/product\/yoast-seo-wordpress\/ -->\n<title>Descubre nuestro Men\u00fa | Restaurante Zonico<\/title>\n<meta name=\"description\" content=\"Descubre nuestra selecci\u00f3n completa de platos en Restaurante Zonico. \u00a1Consulta el men\u00fa del restaurante aqu\u00ed!\" \/>\n<meta name=\"robots\" content=\"noindex, follow, max-snippet:-1, max-image-preview:large, max-video-preview:-1\" \/>\n<meta property=\"og:locale\" content=\"es_ES\" \/>\n<meta property=\"og:type\" content=\"article\" \/>\n<meta property=\"og:title\" content=\"Descubre nuestro Men\u00fa | Restaurante Zonico\" \/>\n<meta property=\"og:description\" content=\"Descubre nuestra selecci\u00f3n completa de platos en Restaurante Zonico. \u00a1Consulta el men\u00fa del restaurante aqu\u00ed!\" \/>\n<meta property=\"og:url\" content=\"https:\/\/www.poolbar-lima.com\/es\/menu\/\" \/>\n<meta property=\"og:site_name\" content=\"Pool Bar Lima\" \/>\n<meta property=\"article:modified_time\" content=\"2025-09-15T17:40:04+00:00\" \/>\n<meta name=\"twitter:card\" content=\"summary_large_image\" \/>\n<meta name=\"twitter:label1\" content=\"Est. reading time\" \/>\n\t<meta name=\"twitter:data1\" content=\"1 minute\" \/>\n<script type=\"application\/ld+json\" class=\"yoast-schema-graph\">{\"@context\":\"https:\\\/\\\/schema.org\",\"@graph\":[{\"@type\":\"WebPage\",\"@id\":\"https:\\\/\\\/www.poolbar-lima.com\\\/es\\\/menu\\\/\",\"url\":\"https:\\\/\\\/www.poolbar-lima.com\\\/es\\\/menu\\\/\",\"name\":\"Descubre nuestro Men\u00fa | Restaurante Zonico\",\"isPartOf\":{\"@id\":\"https:\\\/\\\/www.poolbar-lima.com\\\/es\\\/#website\"},\"datePublished\":\"2025-04-30T07:42:36+00:00\",\"dateModified\":\"2025-09-15T17:40:04+00:00\",\"description\":\"Descubre nuestra selecci\u00f3n completa de platos en Restaurante Zonico. \u00a1Consulta el men\u00fa del restaurante aqu\u00ed!\",\"breadcrumb\":{\"@id\":\"https:\\\/\\\/www.poolbar-lima.com\\\/es\\\/menu\\\/#breadcrumb\"},\"inLanguage\":\"es-ES\",\"potentialAction\":[{\"@type\":\"ReadAction\",\"target\":[\"https:\\\/\\\/www.poolbar-lima.com\\\/es\\\/menu\\\/\"]}]},{\"@type\":\"BreadcrumbList\",\"@id\":\"https:\\\/\\\/www.poolbar-lima.com\\\/es\\\/menu\\\/#breadcrumb\",\"itemListElement\":[{\"@type\":\"ListItem\",\"position\":1,\"name\":\"Home\",\"item\":\"https:\\\/\\\/www.poolbar-lima.com\\\/es\\\/\"},{\"@type\":\"ListItem\",\"position\":2,\"name\":\"Menu\"}]},{\"@type\":\"WebSite\",\"@id\":\"https:\\\/\\\/www.poolbar-lima.com\\\/es\\\/#website\",\"url\":\"https:\\\/\\\/www.poolbar-lima.com\\\/es\\\/\",\"name\":\"Pool Bar Lima\",\"description\":\"\",\"publisher\":{\"@id\":\"https:\\\/\\\/www.poolbar-lima.com\\\/es\\\/#organization\"},\"potentialAction\":[{\"@type\":\"SearchAction\",\"target\":{\"@type\":\"EntryPoint\",\"urlTemplate\":\"https:\\\/\\\/www.poolbar-lima.com\\\/es\\\/?s={search_term_string}\"},\"query-input\":{\"@type\":\"PropertyValueSpecification\",\"valueRequired\":true,\"valueName\":\"search_term_string\"}}],\"inLanguage\":\"es-ES\"},{\"@type\":\"Organization\",\"@id\":\"https:\\\/\\\/www.poolbar-lima.com\\\/es\\\/#organization\",\"name\":\"Pool Bar Lima\",\"url\":\"https:\\\/\\\/www.poolbar-lima.com\\\/es\\\/\",\"logo\":{\"@type\":\"ImageObject\",\"inLanguage\":\"es-ES\",\"@id\":\"https:\\\/\\\/www.poolbar-lima.com\\\/es\\\/#\\\/schema\\\/logo\\\/image\\\/\",\"url\":\"https:\\\/\\\/www.poolbar-lima.com\\\/wp-content\\\/uploads\\\/sites\\\/3\\\/2026\\\/04\\\/poll-bar-lima-logo-scaled.png\",\"contentUrl\":\"https:\\\/\\\/www.poolbar-lima.com\\\/wp-content\\\/uploads\\\/sites\\\/3\\\/2026\\\/04\\\/poll-bar-lima-logo-scaled.png\",\"width\":2560,\"height\":2048,\"caption\":\"Pool Bar Lima\"},\"image\":{\"@id\":\"https:\\\/\\\/www.poolbar-lima.com\\\/es\\\/#\\\/schema\\\/logo\\\/image\\\/\"}}]}<\/script>\n<!-- \/ Yoast SEO plugin. -->","yoast_head_json":{"title":"Descubre nuestro Men\u00fa | Restaurante Zonico","description":"Descubre nuestra selecci\u00f3n completa de platos en Restaurante Zonico. \u00a1Consulta el men\u00fa del restaurante aqu\u00ed!","robots":{"index":"noindex","follow":"follow","max-snippet":"max-snippet:-1","max-image-preview":"max-image-preview:large","max-video-preview":"max-video-preview:-1"},"og_locale":"es_ES","og_type":"article","og_title":"Descubre nuestro Men\u00fa | Restaurante Zonico","og_description":"Descubre nuestra selecci\u00f3n completa de platos en Restaurante Zonico. \u00a1Consulta el men\u00fa del restaurante aqu\u00ed!","og_url":"https:\/\/www.poolbar-lima.com\/es\/menu\/","og_site_name":"Pool Bar Lima","article_modified_time":"2025-09-15T17:40:04+00:00","twitter_card":"summary_large_image","twitter_misc":{"Est. reading time":"1 minute"},"schema":{"@context":"https:\/\/schema.org","@graph":[{"@type":"WebPage","@id":"https:\/\/www.poolbar-lima.com\/es\/menu\/","url":"https:\/\/www.poolbar-lima.com\/es\/menu\/","name":"Descubre nuestro Men\u00fa | Restaurante Zonico","isPartOf":{"@id":"https:\/\/www.poolbar-lima.com\/es\/#website"},"datePublished":"2025-04-30T07:42:36+00:00","dateModified":"2025-09-15T17:40:04+00:00","description":"Descubre nuestra selecci\u00f3n completa de platos en Restaurante Zonico. \u00a1Consulta el men\u00fa del restaurante aqu\u00ed!","breadcrumb":{"@id":"https:\/\/www.poolbar-lima.com\/es\/menu\/#breadcrumb"},"inLanguage":"es-ES","potentialAction":[{"@type":"ReadAction","target":["https:\/\/www.poolbar-lima.com\/es\/menu\/"]}]},{"@type":"BreadcrumbList","@id":"https:\/\/www.poolbar-lima.com\/es\/menu\/#breadcrumb","itemListElement":[{"@type":"ListItem","position":1,"name":"Home","item":"https:\/\/www.poolbar-lima.com\/es\/"},{"@type":"ListItem","position":2,"name":"Menu"}]},{"@type":"WebSite","@id":"https:\/\/www.poolbar-lima.com\/es\/#website","url":"https:\/\/www.poolbar-lima.com\/es\/","name":"Pool Bar Lima","description":"","publisher":{"@id":"https:\/\/www.poolbar-lima.com\/es\/#organization"},"potentialAction":[{"@type":"SearchAction","target":{"@type":"EntryPoint","urlTemplate":"https:\/\/www.poolbar-lima.com\/es\/?s={search_term_string}"},"query-input":{"@type":"PropertyValueSpecification","valueRequired":true,"valueName":"search_term_string"}}],"inLanguage":"es-ES"},{"@type":"Organization","@id":"https:\/\/www.poolbar-lima.com\/es\/#organization","name":"Pool Bar Lima","url":"https:\/\/www.poolbar-lima.com\/es\/","logo":{"@type":"ImageObject","inLanguage":"es-ES","@id":"https:\/\/www.poolbar-lima.com\/es\/#\/schema\/logo\/image\/","url":"https:\/\/www.poolbar-lima.com\/wp-content\/uploads\/sites\/3\/2026\/04\/poll-bar-lima-logo-scaled.png","contentUrl":"https:\/\/www.poolbar-lima.com\/wp-content\/uploads\/sites\/3\/2026\/04\/poll-bar-lima-logo-scaled.png","width":2560,"height":2048,"caption":"Pool Bar Lima"},"image":{"@id":"https:\/\/www.poolbar-lima.com\/es\/#\/schema\/logo\/image\/"}}]}},"_links":{"self":[{"href":"https:\/\/www.poolbar-lima.com\/es\/wp-json\/wp\/v2\/pages\/3544","targetHints":{"allow":["GET"]}}],"collection":[{"href":"https:\/\/www.poolbar-lima.com\/es\/wp-json\/wp\/v2\/pages"}],"about":[{"href":"https:\/\/www.poolbar-lima.com\/es\/wp-json\/wp\/v2\/types\/page"}],"author":[{"embeddable":true,"href":"https:\/\/www.poolbar-lima.com\/es\/wp-json\/wp\/v2\/users\/1"}],"replies":[{"embeddable":true,"href":"https:\/\/www.poolbar-lima.com\/es\/wp-json\/wp\/v2\/comments?post=3544"}],"version-history":[{"count":3,"href":"https:\/\/www.poolbar-lima.com\/es\/wp-json\/wp\/v2\/pages\/3544\/revisions"}],"predecessor-version":[{"id":3561,"href":"https:\/\/www.poolbar-lima.com\/es\/wp-json\/wp\/v2\/pages\/3544\/revisions\/3561"}],"wp:attachment":[{"href":"https:\/\/www.poolbar-lima.com\/es\/wp-json\/wp\/v2\/media?parent=3544"}],"curies":[{"name":"wp","href":"https:\/\/api.w.org\/{rel}","templated":true}]}}